{"id":15,"date":"2017-03-13T19:06:44","date_gmt":"2017-03-13T19:06:44","guid":{"rendered":"http:\/\/wenglan.weng-lan.de\/?page_id=15"},"modified":"2022-04-19T10:24:26","modified_gmt":"2022-04-19T10:24:26","slug":"freizeit","status":"publish","type":"page","link":"http:\/\/weinzierl-ferienwohnungen.de\/?page_id=15","title":{"rendered":"Freizeit"},"content":{"rendered":"<div id=\"cc-m-14984442525\" class=\"j-module n j-header \">\n<p id=\"cc-m-header-14984442525\" style=\"text-align: left;\"><span style=\"font-size: 10pt;\"><em><span style=\"color: #000000;\">Tipp 1:<\/span><\/em><\/span><\/p>\n<\/div>\n<div id=\"cc-m-14984442725\" class=\"j-module n j-hgrid \" style=\"text-align: center;\">\n<div class=\"cc-m-hgrid-column\">\n<div id=\"cc-matrix-4578160825\">\n<div id=\"cc-m-14984442925\" class=\"j-module n j-text \" style=\"text-align: left;\">\n<p class=\"tiny_p\"><span style=\"font-size: 12pt;\"><strong><span style=\"color: #000000;\">Ein herzliches Gr\u00fc\u00df Gott in der sch\u00f6nen Holzlandgemeinde Haarbach<\/span><\/strong><\/span><\/p>\n<p class=\"tiny_p\"><span style=\"color: #333333; font-size: 12pt;\">Haarbach ist eine 2600-Seelen Gemeinde in<a href=\"https:\/\/www.gemeinde-haarbach.de\/\"><img loading=\"lazy\" decoding=\"async\" class=\"alignright wp-image-721 size-full\" src=\"http:\/\/weinzierl-ferienwohnungen.de\/wp-content\/uploads\/2022\/04\/logozz.png\" alt=\"\" width=\"274\" height=\"84\"><\/a>&nbsp;Niederbayern in direkter Nachbarschaft des Rottaler <span style=\"text-decoration: underline;\"><a style=\"color: #333333; text-decoration: underline;\" href=\"http:\/\/gemeinde-haarbach.de\/verzeichnis\/index.php?kategorie=864\" target=\"_self\" rel=\"noopener noreferrer\">B\u00e4derdreiecks<\/a><\/span>. Die sch\u00f6ne, b\u00e4uerlich struktuierte Landschaft mit ihren umliegenden D\u00f6rfern und Weilern bietet beschauliche Erholungsm\u00f6glichkeiten. In wenigen Minuten erreichen Sie die Golfpl\u00e4tze, Thermal- und Freib\u00e4der, Tennispl\u00e4tze und Stockbahnen der Umgebung.<\/span><\/p>\n<p class=\"tiny_p\"><span style=\"color: #333333; font-size: 12pt;\">Wir laden Sie ein: Genie\u00dfen Sie unsere reizvolle H\u00fcgellandschaft.<\/span><\/p>\n<p class=\"tiny_p\"><span style=\"color: #333333; font-size: 12pt;\"> Zum Gemeindebereich Haarbach geh\u00f6ren Teile von Europas gr\u00f6\u00dftem <span style=\"text-decoration: underline;\"><a style=\"color: #333333; text-decoration: underline;\" href=\"http:\/\/gemeinde-haarbach.de\/verzeichnis\/index.php?kategorie=72\" target=\"_self\" rel=\"noopener noreferrer\">Golfzentrum<\/a><\/span> mit dem&nbsp;Golfodrom.<\/span><\/p>\n<\/div>\n<div id=\"cc-m-14984443025\" class=\"j-module n j-callToAction \">\n<div class=\"j-calltoaction-wrapper j-calltoaction-align-1\" style=\"text-align: left;\"><span style=\"text-decoration: underline; font-size: 10pt;\"><span style=\"color: #333333;\"><a class=\"j-calltoaction-link j-calltoaction-link-style-1\" style=\"color: #333333; text-decoration: underline;\" href=\"http:\/\/www.gemeinde-haarbach.de\/\" target=\"_blank\" rel=\"noopener noreferrer\" data-action=\"button\" data-title=\"More\">More<\/a><\/span><\/span><\/div>\n<\/div>\n<\/div>\n<\/div>\n<div class=\"cc-m-hgrid-separator\" data-display=\"cms-only\">&nbsp;<\/div>\n<div class=\"cc-m-hgrid-separator\" data-display=\"cms-only\">&nbsp;<\/div>\n<\/div>\n<div id=\"cc-m-14984442725\" class=\"j-module n j-hgrid \" style=\"text-align: center;\">\n<div class=\"cc-m-hgrid-column last\">&nbsp;<\/div>\n<div class=\"cc-m-hgrid-overlay\" data-display=\"cms-only\">\n<hr>\n<hr>\n<\/div>\n<\/div>\n<div id=\"cc-m-14984443225\" class=\"j-module n j-spacing \" style=\"text-align: left;\">\n<div class=\"cc-m-hgrid-separator\" data-display=\"cms-only\">&nbsp;<\/div>\n<div class=\"cc-m-hgrid-separator\" data-display=\"cms-only\">&nbsp;<\/div>\n<div class=\"cc-m-hgrid-separator\" data-display=\"cms-only\"><span style=\"color: #ffffff;\">&nbsp;&#8211;<\/span><\/div>\n<div class=\"cc-m-hgrid-separator\" data-display=\"cms-only\">&nbsp;<\/div>\n<\/div>\n<div class=\"j-module n j-spacing \" style=\"text-align: left;\"><span style=\"font-size: 10pt;\"><em><span style=\"color: #000000;\">Tipp 2:<\/span><\/em><\/span><\/div>\n<div id=\"cc-m-14984443325\" class=\"j-module n j-hgrid \" style=\"text-align: center;\">\n<div class=\"cc-m-hgrid-column\">\n<div id=\"cc-matrix-4578161225\">\n<div id=\"cc-m-14984443525\" class=\"j-module n j-text \" style=\"text-align: left;\">\n<p><span style=\"color: #000000; font-size: 12pt;\"><strong>Europas gr\u00f6\u00dftes Quellness &amp; Golf Resort mit Wellness und Therme<\/strong><\/span><\/p>\n<div class=\"text\">\n<p><span style=\"font-size: 12pt; color: #000000;\">Das Quellness &amp; Golf Resort Bad Griesbach wird durch sein weltweit einmaliges Konzept ausgezeichnet, das Gesundheit, Wellness, Golf,&nbsp;Business und Sport auf unvergleichliche Weise miteinander verbindet.<\/span><br \/>\n<span style=\"font-size: 12pt; color: #000000;\"> Entspannen Sie sich in unseren drei First-Class-Hotels mit ihren exklusiven Thermen- und Wellnesslandschaften, den vier&nbsp;Gutsh\u00f6fen und zahlreichen R<a href=\"http:\/\/www.quellness-golf.com\/?set_desktop=1\"><img decoding=\"async\" id=\"cc-m-imagesubtitle-image-14984443725\" class=\"alignright\" src=\"https:\/\/image.jimcdn.com\/app\/cms\/image\/transf\/none\/path\/sadb59290b8a60aed\/image\/ia37b06a6da2a4e11\/version\/1483380666\/image.png\" sizes=\"(min-width: 228px) 228px, 100vw\" srcset=\"https:\/\/image.jimcdn.com\/app\/cms\/image\/transf\/none\/path\/sadb59290b8a60aed\/image\/ia37b06a6da2a4e11\/version\/1483380666\/image.png 228w\" alt=\"\" data-src-width=\"228\" data-src-height=\"60\" data-src=\"https:\/\/image.jimcdn.com\/app\/cms\/image\/transf\/none\/path\/sadb59290b8a60aed\/image\/ia37b06a6da2a4e11\/version\/1483380666\/image.png\" data-image-id=\"9166046325\"><\/a>estaurants. Es erwartet Sie ein einmaliges Angebot mit 10 Golfpl\u00e4tzen inmitten der malerischen&nbsp;Natur in Bayern und vielen weiteren Attraktionen f\u00fcr die ganze Familie..<\/span><\/p>\n<\/div>\n<\/div>\n<div id=\"cc-m-14984443625\" class=\"j-module n j-callToAction \">\n<div class=\"j-calltoaction-wrapper j-calltoaction-align-1\" style=\"text-align: left;\"><span style=\"font-size: 10pt;\"><a class=\"j-calltoaction-link j-calltoaction-link-style-1\" href=\"http:\/\/www.quellness-golf.com\/?set_desktop=1\" target=\"_blank\" rel=\"noopener noreferrer\" data-action=\"button\" data-title=\"More\"><span style=\"text-decoration: underline;\"><span style=\"color: #000000; text-decoration: underline;\">More<\/span><\/span><\/a><\/span><\/div>\n<\/div>\n<\/div>\n<\/div>\n<div class=\"cc-m-hgrid-separator\" data-display=\"cms-only\">&nbsp;<\/div>\n<div class=\"cc-m-hgrid-separator\" data-display=\"cms-only\">&nbsp;<\/div>\n<\/div>\n<div id=\"cc-m-14984443325\" class=\"j-module n j-hgrid \" style=\"text-align: center;\">\n<div class=\"cc-m-hgrid-separator\" data-display=\"cms-only\">&nbsp;<\/div>\n<div class=\"cc-m-hgrid-separator\" data-display=\"cms-only\">\n<hr>\n<\/div>\n<div class=\"cc-m-hgrid-separator\" data-display=\"cms-only\">\n<hr>\n<\/div>\n<div class=\"cc-m-hgrid-separator\" data-display=\"cms-only\">&nbsp;<\/div>\n<div class=\"cc-m-hgrid-separator\" data-display=\"cms-only\">&nbsp;<\/div>\n<div class=\"cc-m-hgrid-separator\" data-display=\"cms-only\"><span style=\"color: #ffffff;\">&nbsp;&#8211;<\/span><\/div>\n<div class=\"cc-m-hgrid-separator\" data-display=\"cms-only\">&nbsp;<\/div>\n<\/div>\n<div id=\"cc-m-14984443925\" class=\"j-module n j-hgrid \">\n<div class=\"cc-m-hgrid-column\" style=\"text-align: center;\">\n<div id=\"cc-matrix-4578161625\">\n<div id=\"cc-m-14984444025\" class=\"j-module n j-header \">\n<p id=\"cc-m-header-14984444025\" style=\"text-align: left;\"><span style=\"font-size: 10pt;\"><em><span style=\"color: #000000;\">Tipp 3:<\/span><\/em><\/span><\/p>\n<\/div>\n<div id=\"cc-m-14984444225\" class=\"j-module n j-text \" style=\"text-align: left;\">\n<p><span style=\"font-size: 12pt;\"><strong><span style=\"color: #000000;\">Heilkr\u00e4ftiges Thermalwasser<\/span><\/strong><\/span><\/p>\n<p><span style=\"font-size: 12pt;\"><span style=\"color: #333333;\">Der Bad Griesbacher &#8222;Jungbrunnen&#8220; wird aus drei nat\u00fcrlichen, fluoridhaltigen Natrium-Hydrogencarbonat-Chlorid-Quellen gespeist, die mit Temperaturen von 30\u00b0, 38\u00b0 und 60\u00b0 Celsius aus bis zu 1522 Meter Tiefe kommen. Die Quellen aus den Tiefen der Rottaler Erde bringen die Gesundheit mit nach oben. Mit einem der h\u00f6chsten Fluoridgehalte in Europa und einer Kombination aus nat\u00fcrlichen Wirkstoffen wie Mineralstoffe, Spurenelemente und Kiesels\u00e4ure wirkt das Thermalmineralwasser heilkr\u00e4ftig auf den gesamten Bewegungsapparat.<\/span><span style=\"color: #333333;\">Gemeinsam mit der Wassertemperatur, dem Auftrieb und entsprechender Bewegung im Wasser profi-<\/span><\/span><span style=\"font-size: 12pt;\"><span style=\"color: #333333;\"><a href=\"https:\/\/www.bad-griesbach.de\/\"><img loading=\"lazy\" decoding=\"async\" class=\"alignright wp-image-724 size-full\" src=\"http:\/\/weinzierl-ferienwohnungen.de\/wp-content\/uploads\/2022\/04\/logo_bad-griesbach_farbe_illustration.png\" alt=\"\" width=\"200\" height=\"93\"><\/a><span style=\"font-size: 12pt;\">tieren davon Knochen, Gelenke, B\u00e4nder und Muskeln. Das Wasser regt die Durchblutung an, sorgt f\u00fcr Muskelentspannung, ents\u00e4uert das Bindegewebe und regt den Zellstoffwechsel an. Es lindert Schmerzen, bek\u00e4mpft Arthrose auf h\u00f6chst angenehme Weise und hat sich bei einer <\/span><span style=\"text-decoration: underline;\"><a style=\"color: #333333; text-decoration: underline;\" href=\"http:\/\/www.badgriesbach.de\/gesundheitkur\/heilanzeigen.html\">Vielzahl von Erkrankungen<\/a><\/span><span style=\"font-size: 12pt;\"> bew\u00e4hrt.<\/span><\/span><\/span><\/p>\n<\/div>\n<div class=\"j-module n j-text \" style=\"text-align: left;\">&nbsp;<\/div>\n<div id=\"cc-m-14984444325\" class=\"j-module n j-callToAction \" style=\"text-align: left;\">\n<div class=\"j-calltoaction-wrapper j-calltoaction-align-1\"><span style=\"text-decoration: underline; font-size: 10pt;\"><span style=\"color: #000000;\"><a class=\"j-calltoaction-link j-calltoaction-link-style-1\" style=\"color: #000000; text-decoration: underline;\" href=\"http:\/\/www.badgriesbach.de\/golfsport\/nordicwalkingmarathon.html\" target=\"_blank\" rel=\"noopener noreferrer\" data-action=\"button\" data-title=\"More\">More<\/a><\/span><\/span><\/div>\n<\/div>\n<\/div>\n<\/div>\n<div class=\"cc-m-hgrid-separator\" style=\"text-align: left;\" data-display=\"cms-only\">&nbsp;<\/div>\n<\/div>\n","protected":false},"excerpt":{"rendered":"<p>Tipp 1: Ein herzliches Gr\u00fc\u00df Gott in der sch\u00f6nen Holzlandgemeinde Haarbach Haarbach ist eine 2600-Seelen Gemeinde in&nbsp;Niederbayern in direkter Nachbarschaft des Rottaler B\u00e4derdreiecks. Die sch\u00f6ne, b\u00e4uerlich struktuierte Landschaft mit ihren umliegenden D\u00f6rfern und Weilern bietet beschauliche Erholungsm\u00f6glichkeiten. In wenigen Minuten erreichen Sie die Golfpl\u00e4tze, Thermal- und Freib\u00e4der, Tennispl\u00e4tze und Stockbahnen der Umgebung. Wir laden Sie [&hellip;]<\/p>\n","protected":false},"author":1,"featured_media":60,"parent":0,"menu_order":0,"comment_status":"closed","ping_status":"closed","template":"","meta":{"ngg_post_thumbnail":0,"footnotes":""},"class_list":["post-15","page","type-page","status-publish","has-post-thumbnail","hentry"],"_links":{"self":[{"href":"http:\/\/weinzierl-ferienwohnungen.de\/index.php?rest_route=\/wp\/v2\/pages\/15","targetHints":{"allow":["GET"]}}],"collection":[{"href":"http:\/\/weinzierl-ferienwohnungen.de\/index.php?rest_route=\/wp\/v2\/pages"}],"about":[{"href":"http:\/\/weinzierl-ferienwohnungen.de\/index.php?rest_route=\/wp\/v2\/types\/page"}],"author":[{"embeddable":true,"href":"http:\/\/weinzierl-ferienwohnungen.de\/index.php?rest_route=\/wp\/v2\/users\/1"}],"replies":[{"embeddable":true,"href":"http:\/\/weinzierl-ferienwohnungen.de\/index.php?rest_route=%2Fwp%2Fv2%2Fcomments&post=15"}],"version-history":[{"count":0,"href":"http:\/\/weinzierl-ferienwohnungen.de\/index.php?rest_route=\/wp\/v2\/pages\/15\/revisions"}],"wp:featuredmedia":[{"embeddable":true,"href":"http:\/\/weinzierl-ferienwohnungen.de\/index.php?rest_route=\/wp\/v2\/media\/60"}],"wp:attachment":[{"href":"http:\/\/weinzierl-ferienwohnungen.de\/index.php?rest_route=%2Fwp%2Fv2%2Fmedia&parent=15"}],"curies":[{"name":"wp","href":"https:\/\/api.w.org\/{rel}","templated":true}]}}