{"id":17,"date":"2017-03-13T19:06:58","date_gmt":"2017-03-13T19:06:58","guid":{"rendered":"http:\/\/wenglan.weng-lan.de\/?page_id=17"},"modified":"2017-04-05T15:29:35","modified_gmt":"2017-04-05T15:29:35","slug":"kontakt","status":"publish","type":"page","link":"https:\/\/weinzierl-ferienwohnungen.de\/?page_id=17","title":{"rendered":"Kontakt"},"content":{"rendered":"<p id=\"cc-m-header-14984248225\" style=\"text-align: center;\"><span style=\"font-size: 12pt;\"><strong><span style=\"color: #000000;\">F\u00fcr Informationen oder Reservierungen stehen wir Ihnen unter folgenden Kontaktm\u00f6glichkeiten zur Verf\u00fcgung:<\/span><\/strong><\/span><\/p>\n<p style=\"text-align: center;\"><span style=\"font-size: 12pt;\"><strong><span style=\"color: #000000;\">Tel.: 08535 \/ 320<\/span><\/strong><\/span><\/p>\n<p style=\"text-align: center;\"><strong><span style=\"color: #000000; font-size: 14pt;\"><span style=\"font-size: 12pt;\">Fax : 08535 \/ 686<\/span><\/span><\/strong><\/p>\n<p style=\"text-align: center;\"><span style=\"color: #000000;\"><strong><span style=\"font-size: 12pt;\">E-Mail: <a style=\"color: #000000;\" title=\"mail@weinzierl-ferienwohnungen.de\" href=\"mailto:mail@weinzierl-ferienwohnungen.de\">mail@weinzierl-ferienwohnungen.de<\/a><\/span><\/strong><\/span><\/p>\n<p style=\"text-align: center;\">&nbsp;<img loading=\"lazy\" decoding=\"async\" class=\" wp-image-503 alignright\" src=\"http:\/\/wenglan.weng-lan.de\/wp-content\/uploads\/2017\/03\/w2dflmiethaus-hermann-008ddd.jpg\" alt=\"\" width=\"350\" height=\"335\" srcset=\"https:\/\/weinzierl-ferienwohnungen.de\/wp-content\/uploads\/2017\/03\/w2dflmiethaus-hermann-008ddd.jpg 1200w, https:\/\/weinzierl-ferienwohnungen.de\/wp-content\/uploads\/2017\/03\/w2dflmiethaus-hermann-008ddd-300x287.jpg 300w, https:\/\/weinzierl-ferienwohnungen.de\/wp-content\/uploads\/2017\/03\/w2dflmiethaus-hermann-008ddd-768x735.jpg 768w, https:\/\/weinzierl-ferienwohnungen.de\/wp-content\/uploads\/2017\/03\/w2dflmiethaus-hermann-008ddd-1024x980.jpg 1024w\" sizes=\"auto, (max-width: 350px) 100vw, 350px\" \/><\/p>\n<p style=\"text-align: center;\">\n<div class=\"wpcf7 no-js\" id=\"wpcf7-f78-o1\" lang=\"de-DE\" dir=\"ltr\" data-wpcf7-id=\"78\">\n<div class=\"screen-reader-response\"><p role=\"status\" aria-live=\"polite\" aria-atomic=\"true\"><\/p> <ul><\/ul><\/div>\n<form action=\"\/index.php?rest_route=%2Fwp%2Fv2%2Fpages%2F17#wpcf7-f78-o1\" method=\"post\" class=\"wpcf7-form init\" aria-label=\"Kontaktformular\" novalidate=\"novalidate\" data-status=\"init\">\n<div style=\"display: none;\">\n<input type=\"hidden\" name=\"_wpcf7\" value=\"78\" \/>\n<input type=\"hidden\" name=\"_wpcf7_version\" value=\"6.0.1\" \/>\n<input type=\"hidden\" name=\"_wpcf7_locale\" value=\"de_DE\" \/>\n<input type=\"hidden\" name=\"_wpcf7_unit_tag\" value=\"wpcf7-f78-o1\" \/>\n<input type=\"hidden\" name=\"_wpcf7_container_post\" value=\"0\" \/>\n<input type=\"hidden\" name=\"_wpcf7_posted_data_hash\" value=\"\" \/>\n<\/div>\n<p><label> Ihr Name (*)<br \/>\n<span class=\"wpcf7-form-control-wrap\" data-name=\"your-name\"><input size=\"40\" maxlength=\"400\" class=\"wpcf7-form-control wpcf7-text wpcf7-validates-as-required\" aria-required=\"true\" aria-invalid=\"false\" value=\"\" type=\"text\" name=\"your-name\" \/><\/span> <\/label>\n<\/p>\n<p><label> Ihre E-Mail-Adresse (*)<br \/>\n<span class=\"wpcf7-form-control-wrap\" data-name=\"your-email\"><input size=\"40\" maxlength=\"400\" class=\"wpcf7-form-control wpcf7-email wpcf7-validates-as-required wpcf7-text wpcf7-validates-as-email\" aria-required=\"true\" aria-invalid=\"false\" value=\"\" type=\"email\" name=\"your-email\" \/><\/span> <\/label>\n<\/p>\n<p><label> Betreff<br \/>\n<span class=\"wpcf7-form-control-wrap\" data-name=\"your-subject\"><input size=\"40\" maxlength=\"400\" class=\"wpcf7-form-control wpcf7-text\" aria-invalid=\"false\" value=\"\" type=\"text\" name=\"your-subject\" \/><\/span> <\/label>\n<\/p>\n<p><label> Ihre Nachricht<br \/>\n<span class=\"wpcf7-form-control-wrap\" data-name=\"your-message\"><textarea cols=\"40\" rows=\"10\" maxlength=\"2000\" class=\"wpcf7-form-control wpcf7-textarea\" aria-invalid=\"false\" name=\"your-message\"><\/textarea><\/span> <\/label>\n<\/p>\n<p><input class=\"wpcf7-form-control wpcf7-submit has-spinner\" type=\"submit\" value=\"Senden\" \/>\n<\/p><div class=\"wpcf7-response-output\" aria-hidden=\"true\"><\/div>\n<\/form>\n<\/div>\n<\/p>\n<p style=\"text-align: center;\"><strong>Hinweis:<\/strong> Bitte die mit <span class=\"j-m-required\">*<\/span> gekennzeichneten Felder ausf\u00fcllen.<\/p>\n","protected":false},"excerpt":{"rendered":"<p>F\u00fcr Informationen oder Reservierungen stehen wir Ihnen unter folgenden Kontaktm\u00f6glichkeiten zur Verf\u00fcgung: Tel.: 08535 \/ 320 Fax : 08535 \/ 686 E-Mail: mail@weinzierl-ferienwohnungen.de &nbsp; Hinweis: Bitte die mit * gekennzeichneten Felder ausf\u00fcllen.<\/p>\n","protected":false},"author":1,"featured_media":0,"parent":0,"menu_order":0,"comment_status":"closed","ping_status":"closed","template":"","meta":{"ngg_post_thumbnail":0,"footnotes":""},"class_list":["post-17","page","type-page","status-publish","hentry"],"_links":{"self":[{"href":"https:\/\/weinzierl-ferienwohnungen.de\/index.php?rest_route=\/wp\/v2\/pages\/17","targetHints":{"allow":["GET"]}}],"collection":[{"href":"https:\/\/weinzierl-ferienwohnungen.de\/index.php?rest_route=\/wp\/v2\/pages"}],"about":[{"href":"https:\/\/weinzierl-ferienwohnungen.de\/index.php?rest_route=\/wp\/v2\/types\/page"}],"author":[{"embeddable":true,"href":"https:\/\/weinzierl-ferienwohnungen.de\/index.php?rest_route=\/wp\/v2\/users\/1"}],"replies":[{"embeddable":true,"href":"https:\/\/weinzierl-ferienwohnungen.de\/index.php?rest_route=%2Fwp%2Fv2%2Fcomments&post=17"}],"version-history":[{"count":0,"href":"https:\/\/weinzierl-ferienwohnungen.de\/index.php?rest_route=\/wp\/v2\/pages\/17\/revisions"}],"wp:attachment":[{"href":"https:\/\/weinzierl-ferienwohnungen.de\/index.php?rest_route=%2Fwp%2Fv2%2Fmedia&parent=17"}],"curies":[{"name":"wp","href":"https:\/\/api.w.org\/{rel}","templated":true}]}}