{"id":19,"date":"2017-03-13T19:07:25","date_gmt":"2017-03-13T19:07:25","guid":{"rendered":"http:\/\/wenglan.weng-lan.de\/?page_id=19"},"modified":"2022-04-19T10:43:09","modified_gmt":"2022-04-19T10:43:09","slug":"anfahrt","status":"publish","type":"page","link":"https:\/\/weinzierl-ferienwohnungen.de\/?page_id=19","title":{"rendered":"Anfahrt"},"content":{"rendered":"<p style=\"text-align: left;\"><span style=\"color: #000000; font-size: 12pt;\"><b>Anreise mit dem Auto:<\/b><\/span><\/p>\n<p><span style=\"color: #333333; font-size: 14pt;\"><span style=\"font-size: 12pt;\"><em>&#8230;.Richtung M\u00fcnchen (Autobahn):<\/em> AK M\u00fcnchen Nord auf der A99 Spange Eschenried in Richtung AK Neufahrn, weiter auf A 92 Richtung Landshut bis AK Deggendorf. Dort auf die A 3 Richtung Passau und weiter in Richtung Linz bis Ausfahrt Pocking. Von dort die B12 Richtung M\u00fcnchen bis Abfahrt zur B 388 Richtung Pfarrkirchen. In H\u00f6he Schwaim abbiegen Richtung Bad Griesbach und die Umgehungsstra\u00dfe bis Abfahrt Lederbach fahren. In Unteruttlau rechts Richtung Uttlau abbiegen. Auf dieser Stra\u00dfe dem Schild Freiling (2.Strasse links) folgen. Nach ca. 200m gehts links nach Brunnwies.<\/span><\/span><\/p>\n<p><span style=\"color: #333333; font-size: 14pt;\"><span style=\"font-size: 12pt;\"><em>&#8230;.Richtung M\u00fcnchen (Alternative 1):<\/em> AK M\u00fcnchen Nord auf A99 Spange Eschenried in Richtung AK Neufahrn, weiter auf der A 92 bis Ausfahrt Landshut Nod. Dort halb rechts auf die B 299 Richtung Eggenfelden B388. Von Eggenfelden weiter auf dieser Strasse in Richtung Passau \/ Bad Griesbach. Weiter die oben beschriebene Wegf\u00fchrung bis Brunnwies<\/span><\/span><\/p>\n<p><span style=\"color: #333333; font-size: 14pt;\"><span style=\"font-size: 12pt;\"><em>&#8230;..Richtung M\u00fcnchen (Alternative 2):<\/em> AK M\u00fcnchen Ost Richtung A 94 Passau bis Autobahnende. Weiter auf der B12 Richtung M\u00fchldorf. Weiter auf der B299 Richtung Eggenfelden. Von Eggenfelden weiter wie oben beschrieben<\/span><\/span><\/p>\n<p><span style=\"color: #333333; font-size: 14pt;\"><span style=\"font-size: 12pt;\"><em>&#8230;..Richtung N\u00fcrnberg:<\/em> A3 N\u00fcrnberg &#8211; Regensburg &#8211; Passau, und weiter Richtung Linz bis Ausfahrt Pocking. Dann von dort die B 12 Richtung M\u00fcnchen bis Ausfahrt zur B 388 Richtung Pfarrkirchen. In H\u00f6he Schwaim biegen Sie ab in Richtung Bad Griesbach und benutzen die Umgehungsstrasse bis Abfahrt Lederbach, bzw folgend der Ausschilderung \u201cGolf Ressort\u201d. In Unteruttlau rechts abbiegen, und der Strasse Richtung Freiling folgen. Dann dem Hinweisschild Brunnwies folgen.<\/span><\/span><\/p>\n<hr>\n<p><span style=\"color: #000000; font-size: 12pt;\"><b>Anreise mit der Bahn:<\/b><\/span> <span style=\"color: #333333; font-size: 12pt;\">Zielbahnhof Karpfham &#8211; Entfernung 10km oder Bahnhof Passau &#8211; Entfernung ca. 30 km<\/span><\/p>\n<hr>\n<p><span style=\"color: #000000; font-size: 12pt;\"><b>Anreise mit dem Flugzeug:&nbsp;<\/b><\/span><span style=\"color: #333333; font-size: 12pt;\">Flughafen M\u00fcnchen \/ Franz-Josef-Strau\u00df (Entfernung 130km), Flughafen Linz (Entfernung 100km) oder Flughafen Salzburg (Entfernung 80km).<\/span><\/p>\n<p>&nbsp;<\/p>\n<p style=\"text-align: center;\"><span style=\"font-size: 14pt;\"><a href=\"https:\/\/www.google.de\/maps\/dir\/\/Brunnwies+2,+94542+Haarbach\/@48.48651,13.1694913,17z\/data=!3m1!4b1!4m8!4m7!1m0!1m5!1m1!1s0x4774524ccdfa5cfb:0x2ddf766cdd3f800b!2m2!1d13.17168!2d48.48651\" target=\"_blank\" rel=\"noopener noreferrer\"><strong><span style=\"color: #000000;\"><span style=\"text-decoration: underline;\">Klick f\u00fcr Google&nbsp;Routenplan<\/span><\/span><\/strong><\/a><\/span><\/p>\n<p>&nbsp;<\/p>\n<p><iframe loading=\"lazy\" style=\"border: 0;\" src=\"https:\/\/www.google.com\/maps\/embed?pb=!1m23!1m12!1m3!1d8539.472210360631!2d13.169089881814315!3d48.48565414836395!2m3!1f0!2f0!3f0!3m2!1i1024!2i768!4f13.1!4m8!3e6!4m0!4m5!1s0x4774524ccdfa5cfb%3A0x2ddf766cdd3f800b!2sBrunnwies%202%2C%2094542%20Haarbach!3m2!1d48.486567199999996!2d13.171749799999999!5e1!3m2!1sde!2sde!4v1650364377163!5m2!1sde!2sde\" width=\"850\" height=\"450\" allowfullscreen=\"allowfullscreen\"><\/iframe><\/p>\n\n\n<p><\/p>\n","protected":false},"excerpt":{"rendered":"<p>Anreise mit dem Auto: &#8230;.Richtung M\u00fcnchen (Autobahn): AK M\u00fcnchen Nord auf der A99 Spange Eschenried in Richtung AK Neufahrn, weiter auf A 92 Richtung Landshut bis AK Deggendorf. Dort auf die A 3 Richtung Passau und weiter in Richtung Linz bis Ausfahrt Pocking. Von dort die B12 Richtung M\u00fcnchen bis Abfahrt zur B 388 Richtung [&hellip;]<\/p>\n","protected":false},"author":1,"featured_media":0,"parent":0,"menu_order":0,"comment_status":"closed","ping_status":"closed","template":"","meta":{"ngg_post_thumbnail":0,"footnotes":""},"class_list":["post-19","page","type-page","status-publish","hentry"],"_links":{"self":[{"href":"https:\/\/weinzierl-ferienwohnungen.de\/index.php?rest_route=\/wp\/v2\/pages\/19","targetHints":{"allow":["GET"]}}],"collection":[{"href":"https:\/\/weinzierl-ferienwohnungen.de\/index.php?rest_route=\/wp\/v2\/pages"}],"about":[{"href":"https:\/\/weinzierl-ferienwohnungen.de\/index.php?rest_route=\/wp\/v2\/types\/page"}],"author":[{"embeddable":true,"href":"https:\/\/weinzierl-ferienwohnungen.de\/index.php?rest_route=\/wp\/v2\/users\/1"}],"replies":[{"embeddable":true,"href":"https:\/\/weinzierl-ferienwohnungen.de\/index.php?rest_route=%2Fwp%2Fv2%2Fcomments&post=19"}],"version-history":[{"count":0,"href":"https:\/\/weinzierl-ferienwohnungen.de\/index.php?rest_route=\/wp\/v2\/pages\/19\/revisions"}],"wp:attachment":[{"href":"https:\/\/weinzierl-ferienwohnungen.de\/index.php?rest_route=%2Fwp%2Fv2%2Fmedia&parent=19"}],"curies":[{"name":"wp","href":"https:\/\/api.w.org\/{rel}","templated":true}]}}