{"id":29,"date":"2017-03-13T19:09:18","date_gmt":"2017-03-13T19:09:18","guid":{"rendered":"http:\/\/wenglan.weng-lan.de\/?page_id=29"},"modified":"2017-03-19T19:01:41","modified_gmt":"2017-03-19T19:01:41","slug":"unser-gaestehaus","status":"publish","type":"page","link":"https:\/\/weinzierl-ferienwohnungen.de\/?page_id=29","title":{"rendered":"Unser G\u00e4stehaus"},"content":{"rendered":"<p style=\"text-align: center;\"><span style=\"font-size: 12pt; color: #000000;\">Alle Wohnungen sind mit SAT-TV und ISDN-Telefonanschluss ausgestattet. <\/span><\/p>\n<p style=\"text-align: center;\"><span style=\"font-size: 12pt; color: #000000;\">Internetzugang ist in jeder Wohnung m\u00f6glich.&nbsp;<\/span><\/p>\n<p style=\"text-align: center;\"><span style=\"font-size: 12pt; color: #000000;\">Die K\u00fcchen sind mit Sp\u00fclmaschine, Kaffeemaschine, Toaster, Eierkocher, Wasserkocher sowie einem Handquirl ausgestattet.&nbsp;<\/span><span style=\"color: #000000; font-size: 12pt;\">Ebenso ist Geschirr und Besteck vorhanden. <\/span><\/p>\n<p style=\"text-align: center;\"><span style=\"color: #000000; font-size: 12pt;\">Handt\u00fccher, Geschirrt\u00fccher, Toilettenpapier und Reinigungsmittel sind selbstverst\u00e4ndlich vorhanden. <\/span><\/p>\n<p style=\"text-align: center;\"><span style=\"color: #000000; font-size: 12pt;\">Die Couch in den Wohnbereichen kann bei Bedarf als Schlafcouch genutzt werden! Gartenliege, Liegestuhl sowie ein Gartentisch mit zwei St\u00fchlen stehen ebenfalls zur Verf\u00fcgung. Eine Waschmaschine, B\u00fcgeleisen und B\u00fcgelbrett sind zur gemeinsamen Benutzung im Haus vorhanden. Hauseigener Parkplatz und Liegewiese ebenfalls.<\/span><\/p>\nngg_shortcode_0_placeholder\n","protected":false},"excerpt":{"rendered":"<p>Alle Wohnungen sind mit SAT-TV und ISDN-Telefonanschluss ausgestattet. Internetzugang ist in jeder Wohnung m\u00f6glich.&nbsp; Die K\u00fcchen sind mit Sp\u00fclmaschine, Kaffeemaschine, Toaster, Eierkocher, Wasserkocher sowie einem Handquirl ausgestattet.&nbsp;Ebenso ist Geschirr und Besteck vorhanden. Handt\u00fccher, Geschirrt\u00fccher, Toilettenpapier und Reinigungsmittel sind selbstverst\u00e4ndlich vorhanden. Die Couch in den Wohnbereichen kann bei Bedarf als Schlafcouch genutzt werden! Gartenliege, Liegestuhl sowie [&hellip;]<\/p>\n","protected":false},"author":1,"featured_media":63,"parent":0,"menu_order":0,"comment_status":"closed","ping_status":"closed","template":"","meta":{"ngg_post_thumbnail":0,"footnotes":""},"class_list":["post-29","page","type-page","status-publish","has-post-thumbnail","hentry"],"_links":{"self":[{"href":"https:\/\/weinzierl-ferienwohnungen.de\/index.php?rest_route=\/wp\/v2\/pages\/29","targetHints":{"allow":["GET"]}}],"collection":[{"href":"https:\/\/weinzierl-ferienwohnungen.de\/index.php?rest_route=\/wp\/v2\/pages"}],"about":[{"href":"https:\/\/weinzierl-ferienwohnungen.de\/index.php?rest_route=\/wp\/v2\/types\/page"}],"author":[{"embeddable":true,"href":"https:\/\/weinzierl-ferienwohnungen.de\/index.php?rest_route=\/wp\/v2\/users\/1"}],"replies":[{"embeddable":true,"href":"https:\/\/weinzierl-ferienwohnungen.de\/index.php?rest_route=%2Fwp%2Fv2%2Fcomments&post=29"}],"version-history":[{"count":0,"href":"https:\/\/weinzierl-ferienwohnungen.de\/index.php?rest_route=\/wp\/v2\/pages\/29\/revisions"}],"wp:featuredmedia":[{"embeddable":true,"href":"https:\/\/weinzierl-ferienwohnungen.de\/index.php?rest_route=\/wp\/v2\/media\/63"}],"wp:attachment":[{"href":"https:\/\/weinzierl-ferienwohnungen.de\/index.php?rest_route=%2Fwp%2Fv2%2Fmedia&parent=29"}],"curies":[{"name":"wp","href":"https:\/\/api.w.org\/{rel}","templated":true}]}}